{"id":605,"date":"2022-09-22T08:37:40","date_gmt":"2022-09-22T06:37:40","guid":{"rendered":"https:\/\/tripleoem.com\/kymaco\/"},"modified":"2023-07-06T17:10:01","modified_gmt":"2023-07-06T15:10:01","slug":"kymco","status":"publish","type":"page","link":"https:\/\/tripleoem.com\/fr\/kymco\/","title":{"rendered":"Kymco"},"content":{"rendered":"\r\n<div class=\"baner\">\r\n    <div class=\"container\">\r\n        <div class=\"baner-top\">\r\n                            <p class=\"title-top\">\r\n                FOURNISSEUR DE PI\u00c8CES D\u2019ORIGINE POUR B2B                <\/p>\r\n                    <\/div>\r\n\r\n        <div class=\"row\">\r\n            <div class=\"col-md-6\">\r\n\r\n                                                    \r\n                    <p class=\"title\">\r\n                        <!-- Array -->\r\n                        \r\n\r\n                       \r\n\r\n                                                    <span class=\"title1\">Pi\u00e8ces<br \/>\r\n <\/span>\r\n                        \r\n                                                            <span class=\"all-lines\">\r\n                                \r\n                                                                            <span class=\"single-line-out\">\r\n                                            <span class=\"single-line\">originales<\/span>\r\n                                        <\/span>\r\n                                      \r\n                                    \r\n                                                                            <span class=\"span-line\"><\/span>                                                                    <\/span>                                     \r\n                            \r\n                                                    <span class=\"title2\">  Kymco.<\/span>\r\n                        \r\n                    <\/p>\r\n                    \r\n                                    \r\n\r\n                \r\n                                    <div class=\"description\"><p>Pi\u00e8ces originales Kymco avec livraison rapide dans toute l&rsquo;UE pour les clients B2B. Nous fournissons des ateliers, des magasins stationnaires et magasins en ligne.<strong> Nous disposons de 10 000 pi\u00e8ces Kymco en stock.<\/strong> Nous offrons une assistance compl\u00e8te dans la s\u00e9lection des pi\u00e8ces.<\/p>\n<\/div>\r\n                \r\n                                    <p class=\"link\"><a href=\"https:\/\/tripleoem.com\/registration\/\">Inscription<\/a><\/p>\r\n                            <\/div>\r\n\r\n            <div class=\"col-md-6 pb-5 d-flex justify-content-md-end align-items-center\">\r\n                                                        <div class=\"d-flex justify-content-md-end align-items-center\"><img decoding=\"async\" src=\"https:\/\/tripleoem.com\/wp-content\/uploads\/2022\/09\/img-Kymco.png\" class=\"img_name\" width=\"610\" height=\"488\" ><\/div>\r\n                            <\/div>\r\n\r\n                    <\/div>\r\n    <\/div>\r\n<\/div>\r\n\r\n\r\n\n\n<div class=\"part-number\">\r\n    <div class=\"container\">\r\n        <div class=\"part-in\">\r\n            <div class=\"row\">\r\n                <div class=\"pt-4 pb-4\">\r\n                                            <p  class=\"h-style d-flex justify-content-center\">\r\n                        Entrez le num\u00e9ro de pi\u00e8ce pour v\u00e9rifier la disponibilit\u00e9 et passer votre commande.                        <\/p>\r\n                    \r\n                                            <p class=\"d-style d-flex justify-content-center\">Notre syst\u00e8me vous permet de commander en utilisant le num\u00e9ros de pi\u00e8ce OEM. Tout ce que vous avez \u00e0 faire est de fournir votre num\u00e9ro OEM, de v\u00e9rifier la disponibilit\u00e9 et de confirmer votre commande. Nous ferons le reste.<\/p>\r\n                                     <\/div>\r\n            <\/div>\r\n            <div class=\"row\">\r\n                <div class=\"box\">\r\n                    <div class=\"row\">\r\n                                                <input id=\"get_category\" type=\"hidden\" value=\"18\">\r\n                                                <div class=\"col-lg-4 offset-lg-1 list-box pt-4 pb-4 pt-lg-0 pb-lg-0\">\r\n                                                <\/div>\r\n\r\n                        <div class=\"col-lg-4 oem-box pt-4 pb-4 pt-lg-0 pb-lg-0\">\r\n                            <div class=\"oem-box-in\">\r\n                                                                <input id=\"oem_number\" type=\"text\" placeholder=\"Coller le num\u00e9ro OEM\">\r\n                                \r\n                                <div class=\"oem-in-1 d-flex justify-content-center\">\r\n                                                                            <p><i class=\"fa-solid fa-circle-info\"><\/i>Comment puis-je obtenir le num\u00e9ro OEM?<\/p>\r\n                                                                    \r\n                                <\/div>\r\n                                \r\n                                <div class=\"oem-in-2\">\r\n                                                                            <p>Le num\u00e9ro OEM est le num\u00e9ro de pi\u00e8ce universel du fabricant.<b> Vous le trouverez dans le manuel d&rsquo;entretien. <\/b>  <\/p>\r\n                                                                    <\/div>\r\n                                \r\n                            <\/div>\r\n                        <\/div>\r\n                    \r\n                        <div class=\"col-lg-3 search-box pt-4 pb-4 pt-lg-0 pb-lg-0\">\r\n                            <div class=\"disable-all\">\r\n                                <div class=\"disable\"><\/div>\r\n                                <!-- <input type=\"search\" placeholder=\"Search; f002\"> -->\r\n                                <input type=\"submit\" value=\"Recherche &#xf002;\" style=\"font-family:Arial, FontAwesome\" id=\"search_product\" \/>\r\n                                <\/div>\r\n                        <\/div>\r\n                    <\/div>     \r\n                <\/div>\r\n            <\/div>\r\n            <div class=\"pt-5 pb-4\">\r\n                \r\n                            <\/div>\r\n        <\/div>\r\n    <\/div>\r\n    <div class=\"result\">\r\n        <div class=\"r-box\">\r\n            <i class=\"fa-solid fa-xmark\"><\/i>\r\n            <div class =\"s-res first d-flex\">\r\n                <div class=\"r-left col-2 d-flex justify-content-center align-items-center\">\r\n                    <div class=\"one\"><\/div>\r\n                <\/div>\r\n                <div class=\"r-right col-10 d-flex justify-content-start align-items-center\">\r\n                    <div class=\"p-right\">\r\n                        <p class=\"quantity\">Quantit\u00e9: <span>plus de 1<\/span><\/p>\r\n                        <p class=\"o_number\">23432-ALJ8-E10<\/p>\r\n                    <\/div>\r\n                <\/div>\r\n            <\/div>\r\n            <div class =\"s-res d-flex\">\r\n                <div class=\"r-left col-2 d-flex justify-content-center align-items-center\">\r\n                    <div class=\"two\"><\/div>\r\n                <\/div>\r\n                <div class=\"r-right col-10 d-flex justify-content-start align-items-center\">\r\n                    <div class=\"p-right\">\r\n                        <p>Exp\u00e9dition depuis l&rsquo;entrep\u00f4t central en Pologne<\/p>\r\n                        <p>Livraison selon la r\u00e9gion 1-3 jours ouvrables<\/p>\r\n                    <\/div>\r\n                <\/div>\r\n            <\/div>\r\n            <div class =\"s-res last d-flex\">\r\n                <div class=\"r-left col-2 d-flex justify-content-center align-items-center\">\r\n                    <div class=\"two\"><\/div>\r\n                <\/div>\r\n                <div class=\"r-right col-10 d-flex justify-content-start align-items-center\">\r\n                    <div class=\"p-right\">\r\n                        <p>Prix<\/p>\r\n                        <p class=\"price\">Uniquement pour les connect\u00e9s<\/p>\r\n                    <\/div>\r\n                <\/div>\r\n            <\/div>\r\n            <button class=\"btn\"><\/button>\r\n            <p class=\"faile d-flex justify-content-center align-items-center\"><\/p>\r\n        <\/div>   \r\n    <\/div>\r\n<\/div>\r\n\r\n<script>\r\n\/\/ dodawanie produktu do koszyka\r\nfunction add_to_cart(product_url,product_id){\r\n    $('.result.active .faile').html('<div class=\"success\">Ajoute le produit au panier<\/div>');\r\n    $.ajax({\r\n            url: product_url + '?add-to-cart=' + product_id,\r\n            type: 'GET',\r\n            success: function(res) {\r\n\r\n            $('.result.active .faile').html('<div class=\"success\">Ajoute le produit au panier<\/div>');\r\n            $('.result.active button.btn').text('');\r\n\r\n            $.ajax({\r\n                url: window.location.origin,\r\n                type: 'GET',\r\n                success: function(res) {\r\n            \r\n                    var data = $.parseHTML(res); \r\n                        \r\n                    $(data).find('.header .big ul li .top_cart').each(function(){\r\n                        $('.header .big ul li .top_cart').html($(this).html());\r\n                    });\r\n                }\r\n            });\r\n\r\n            }\r\n    });\r\n}\r\n<\/script>\r\n\r\n\n\n<div class=\"our-mission\">\r\n    <div class=\"container\">\r\n        \r\n                <div class=\"mission-bottom\">\r\n                            <p class=\"title-bot\">\r\n                Pi\u00e8ces Kymco                <\/>\r\n                                        <p class=\"desc-bot\">Nous sommes l&rsquo;un des principaux distributeurs ind\u00e9pendants de pi\u00e8ces originales pour motos, VTT et UTV dans l&rsquo;UE. Notre entreprise offre une exp\u00e9dition rapide depuis notre propre entrep\u00f4t et des remises avantageuses en fonction du volume des ventes. Plus vous achetez de pi\u00e8ces en un an, plus nous pouvons vous offrir de remises favorables. Nous sommes un distributeur et servons notamment les march\u00e9s suivants : fran\u00e7ais, portugais, italien, allemand et tch\u00e8que, mais notre offre s&rsquo;adresse aux clients B2B de toute l&rsquo;UE. Nous coop\u00e9rons avec succ\u00e8s avec des magasins stationnaires et en ligne et des ateliers de motos. Nous avons notre propre entrep\u00f4t en Pologne. Nous traitons g\u00e9n\u00e9ralement toutes les commandes dans un d\u00e9lai d&rsquo;un jour ouvrable, si les pi\u00e8ces sont en stock.<\/p>\r\n                    <\/div>\r\n        \r\n    <\/div>\r\n<\/div>\r\n\n\n<div class=\"shops-and-workshops\">\r\n    <div class=\"container\">\r\n                    <p class=\"title\">\r\n            Nous fournissons des magasins de motos et des ateliers dans toute l\u2019UE.            <\/p>\r\n                <div class=\"row\">\r\n                                                <div class=\"col-md-4 art-single\">\r\n                        <p class=\"title-art\">\r\n                                Propre entrep\u00f4t                        <\/p>\r\n                        <p>Nous avons notre propre entrep\u00f4t en Pologne. Nous traitons g\u00e9n\u00e9ralement toutes les commandes dans un d\u00e9lai d&rsquo;un jour ouvrable, si les pi\u00e8ces sont en stock.<\/p>\r\n                    <\/div>                \r\n                                    <div class=\"col-md-4 art-single\">\r\n                        <p class=\"title-art\">\r\n                                Exp\u00e9dition par courrier DHL                        <\/p>\r\n                        <p>Selon la r\u00e9gion d&rsquo;Europe, nos colis arrivent dans les magasins et ateliers qui coop\u00e8rent avec nous dans un d\u00e9lai de 1 \u00e0 3 jours ouvrables apr\u00e8s l&rsquo;envoi.<\/p>\r\n                    <\/div>                \r\n                                    <div class=\"col-md-4 art-single\">\r\n                        <p class=\"title-art\">\r\n                                Gestionnaire de compte d\u00e9di\u00e9                        <\/p>\r\n                        <p>Notre pr\u00e9pos\u00e9 au service des pi\u00e8ces originales vous aidera \u00e0 s\u00e9lectionner les pi\u00e8ces \u00e0 partir du sch\u00e9ma et \u00e0 d\u00e9coder le VIN si n\u00e9cessaire.<\/p>\r\n                    <\/div>                \r\n                                    <div class=\"col-md-4 art-single\">\r\n                        <p class=\"title-art\">\r\n                                Recherche des pi\u00e8ces simples                        <\/p>\r\n                        <p>Commandez les pi\u00e8ces par num\u00e9ro de pi\u00e8ce OEM. S\u00e9lectionnez la marque, entrez le num\u00e9ro de pi\u00e8ce et cliquez sur \u00ab\u00a0rechercher\u00a0\u00bb. Notre syst\u00e8me vous fournira des informations sur la disponibilit\u00e9 et le prix des produits.<\/p>\r\n                    <\/div>                \r\n                                    <div class=\"col-md-4 art-single\">\r\n                        <p class=\"title-art\">\r\n                                Emballage s\u00fbr                        <\/p>\r\n                        <p>Nous emballons toutes les pi\u00e8ces Kymco, Keeway et Rieju de mani\u00e8re responsable et s\u00e9curis\u00e9e. Vous pouvez \u00eatre s\u00fbr \u00e0 100 % que vos pi\u00e8ces arriveront en bon \u00e9tat.<\/p>\r\n                    <\/div>                \r\n                                    <div class=\"col-md-4 art-single\">\r\n                        <p class=\"title-art\">\r\n                                Uniquement des pi\u00e8ces originales                        <\/p>\r\n                        <p>Nous ne vendons que des pi\u00e8ces originales pour motos et VTT. Toutes les pi\u00e8ces proviennent de sources \u00e9prouv\u00e9es.<\/p>\r\n                    <\/div>                \r\n                                    <\/div> \r\n            \r\n       \r\n    <\/div>\r\n<\/div>\r\n\n\n<div class=\"part-number\">\r\n    <div class=\"container\">\r\n        <div class=\"part-in\">\r\n            <div class=\"row\">\r\n                <div class=\"pt-4 pb-4\">\r\n                                            <p  class=\"h-style d-flex justify-content-center\">\r\n                        Nous avons notre propre entrep\u00f4t avec des pi\u00e8ces Kymco.                        <\/p>\r\n                    \r\n                                            <p class=\"d-style d-flex justify-content-center\">Lorem Ipsum is simply dummy text of the printing and typesetting industry. Lorem Ipsum has been the industry\u2019s standard dummy text ever since the 1500s.<\/p>\r\n                                     <\/div>\r\n            <\/div>\r\n        <\/div>\r\n    <\/div>\r\n<\/div>\r\n\n\n<div class=\"orders\">\r\n    <div class=\"container\">\r\n        <div class=\"row\">\r\n            <div class=\"col-md-6 order-left\">\r\n                                    <div class=\"title\"><p>Voici comment nous ex\u00e9cutons votre commande<\/p>\n<\/div>\r\n                \r\n                \r\n                                    <div class=\"description\"><p>Lorem Ipsum is simply dummy text of the printing and typesetting industry. Lorem Ipsum has been the industry&rsquo;s standard dummy text ever since the 1500s, when an unknown printer took a galley of type and scrambled it to make a type specimen book.<\/p>\n<p>&nbsp;<\/p>\n<p>It has survived not only five centuries, but also the leap into electronic typesetting, remaining essentially unchanged. It was popularised in the 1960s with the release of Letraset sheets containing Lorem Ipsum passages, and more recently with desktop publishing software.<\/p>\n<\/div>\r\n                \r\n                                    <p class=\"link\"><a href=\"https:\/\/youtube.pl\">Inscription<\/a><\/p>\r\n                            <\/div>\r\n\r\n            <div class=\"col-md-6 order-right d-flex justify-content-center align-items-center\">\r\n                                                        <div class=\"d-flex justify-content-md-end\"><img decoding=\"async\" src=\"https:\/\/tripleoem.com\/wp-content\/uploads\/2022\/10\/img-2-kymaco.png\" class=\"img_name\" width=\"606\" height=\"527\" ><\/div>\r\n                            <\/div>\r\n        <\/div>\r\n    <\/div>\r\n<\/div>\r\n\r\n\r\n\n\n<div class=\"policy\">\r\n    <div class=\"container\">\r\n        <div class=\"row\">\r\n            <div class=\"col-md-6 policy-left\">\r\n                                    <div class=\"title\"><p>Politique de remise progressive<\/p>\n<\/div>\r\n                \r\n                \r\n                                    <div class=\"description\"><p>La r\u00e8gle est simple. Plus vous achetez de pi\u00e8ces, meilleures sont les conditions de prix que nous pouvons offrir.<\/p>\n<p>Les conditions sont d\u00e9termin\u00e9es individuellement. Contactez-nous<\/p>\n<\/div>\r\n                \r\n                                    <p class=\"link\"><a href=\"https:\/\/tripleoem.com\/contact\/\">Contactez-nous<i class=\"fa-solid fa-arrow-right-long\"><\/i><\/a><\/p>\r\n                            <\/div>\r\n\r\n            <div class=\"col-md-6 policy-right d-flex justify-content-center align-items-center\">\r\n                                                        <div class=\"d-flex justify-content-md-end\"><img decoding=\"async\" src=\"https:\/\/tripleoem.com\/wp-content\/uploads\/2022\/10\/img-3-kymaco.png\" class=\"img_name\" width=\"409\" height=\"232\" ><\/div>\r\n                            <\/div>\r\n        <\/div>\r\n    <\/div>\r\n<\/div>\r\n","protected":false},"excerpt":{"rendered":"","protected":false},"author":21,"featured_media":0,"parent":0,"menu_order":0,"comment_status":"closed","ping_status":"closed","template":"","meta":{"_acf_changed":false,"footnotes":""},"class_list":["post-605","page","type-page","status-publish","hentry"],"acf":[],"aioseo_notices":[],"_links":{"self":[{"href":"https:\/\/tripleoem.com\/fr\/wp-json\/wp\/v2\/pages\/605","targetHints":{"allow":["GET"]}}],"collection":[{"href":"https:\/\/tripleoem.com\/fr\/wp-json\/wp\/v2\/pages"}],"about":[{"href":"https:\/\/tripleoem.com\/fr\/wp-json\/wp\/v2\/types\/page"}],"author":[{"embeddable":true,"href":"https:\/\/tripleoem.com\/fr\/wp-json\/wp\/v2\/users\/21"}],"replies":[{"embeddable":true,"href":"https:\/\/tripleoem.com\/fr\/wp-json\/wp\/v2\/comments?post=605"}],"version-history":[{"count":0,"href":"https:\/\/tripleoem.com\/fr\/wp-json\/wp\/v2\/pages\/605\/revisions"}],"wp:attachment":[{"href":"https:\/\/tripleoem.com\/fr\/wp-json\/wp\/v2\/media?parent=605"}],"curies":[{"name":"wp","href":"https:\/\/api.w.org\/{rel}","templated":true}]}}